{"id":97,"date":"2014-05-22T01:05:34","date_gmt":"2014-05-21T23:05:34","guid":{"rendered":"http:\/\/sg-ramsau.de\/wp\/?page_id=97"},"modified":"2025-07-25T19:52:58","modified_gmt":"2025-07-25T17:52:58","slug":"foerderverein-2","status":"publish","type":"page","link":"https:\/\/sg-ramsau.de\/wp\/?page_id=97","title":{"rendered":"F\u00f6rderverein"},"content":{"rendered":"\n<p class=\"has-text-align-center\"><strong>F\u00f6rderverein Ramsau e.V.: Kinder fordern F\u00f6rdern!<\/strong><\/p>\n\n\n\n<p class=\"has-text-align-center\">Aus dem Pool des F\u00f6rdervereins unterst\u00fctzen wir ausschlie\u00dflich die Vereinsjugend! Zum Beispiel: Jugendfreizeiten, Vereinsbus, Trainingsequipement, Hallenmieten, uvm.<\/p>\n\n\n\n<p class=\"has-text-align-center\">Allgemeine Kontaktadresse: <a href=\"mailto:foerderverein@sg-ramsau.de\">foerderverein@sg-ramsau.de<\/a><\/p>\n\n\n\n<div style=\"height:39px\" aria-hidden=\"true\" class=\"wp-block-spacer\"><\/div>\n\n\n\n<table id=\"tablepress-10\" class=\"tablepress tablepress-id-10\">\n<thead>\n<tr class=\"row-1\">\n\t<th class=\"column-1\">Funktion<\/th><th class=\"column-2\">Name<\/th><th class=\"column-3\">Telefon 1<\/th><th class=\"column-4\">Email<\/th>\n<\/tr>\n<\/thead>\n<tbody class=\"row-striping row-hover\">\n<tr class=\"row-2\">\n\t<td class=\"column-1\">1. Vorstand<\/td><td class=\"column-2\">Hadersberger Thomas<\/td><td class=\"column-3\">08072\/8412<\/td><td class=\"column-4\"><a href=\"mailto:thomas.hadersberger@t-online.de\">thomas.hadersberger@t-online.de<\/a><\/td>\n<\/tr>\n<tr class=\"row-3\">\n\t<td class=\"column-1\">2. Vorstand<\/td><td class=\"column-2\">Kohwagner Fritz<\/td><td class=\"column-3\">08072\/370534<\/td><td class=\"column-4\"><a href=\"mailto:kohwagner@web.de\">kohwagner@web.de<\/a><\/td>\n<\/tr>\n<\/tbody>\n<\/table>\n<!-- #tablepress-10 from cache -->\n\n\n\n<div style=\"height:41px\" aria-hidden=\"true\" class=\"wp-block-spacer\"><\/div>\n\n\n\n<h3 class=\"wp-block-heading has-text-align-center\"><a href=\"https:\/\/sg-ramsau.de\/wp\/wp-content\/uploads\/2021\/07\/Mitgliedsantrag2019.pdf\">Mitgliedsantrag<\/a><\/h3>\n\n\n<div class=\"wp-block-image\">\n<figure class=\"aligncenter\"><a href=\"https:\/\/sg-ramsau.de\/wp\/wp-content\/uploads\/2021\/07\/Mitgliedsantrag2019.pdf\"><img loading=\"lazy\" decoding=\"async\" width=\"1706\" height=\"623\" src=\"https:\/\/sg-ramsau.de\/wp\/wp-content\/uploads\/2014\/05\/Foe_Logo.jpg\" alt=\"Foe_Logo\" class=\"wp-image-87\" srcset=\"https:\/\/sg-ramsau.de\/wp\/wp-content\/uploads\/2014\/05\/Foe_Logo.jpg 1706w, https:\/\/sg-ramsau.de\/wp\/wp-content\/uploads\/2014\/05\/Foe_Logo-300x109.jpg 300w, https:\/\/sg-ramsau.de\/wp\/wp-content\/uploads\/2014\/05\/Foe_Logo-1024x373.jpg 1024w\" sizes=\"auto, (max-width: 1706px) 100vw, 1706px\" \/><\/a><\/figure><\/div>","protected":false},"excerpt":{"rendered":"<p>F\u00f6rderverein Ramsau e.V.: Kinder fordern F\u00f6rdern! Aus dem Pool des F\u00f6rdervereins unterst\u00fctzen wir ausschlie\u00dflich die Vereinsjugend! Zum Beispiel: Jugendfreizeiten, Vereinsbus, Trainingsequipement, Hallenmieten, uvm. Allgemeine Kontaktadresse: foerderverein@sg-ramsau.de Mitgliedsantrag<\/p>\n","protected":false},"author":1,"featured_media":0,"parent":72,"menu_order":0,"comment_status":"closed","ping_status":"open","template":"","meta":{"footnotes":""},"class_list":["post-97","page","type-page","status-publish","hentry"],"publishpress_future_action":{"enabled":false,"date":"2026-04-24 09:31:42","action":"change-status","newStatus":"draft","terms":[],"taxonomy":"","extraData":[]},"publishpress_future_workflow_manual_trigger":{"enabledWorkflows":[]},"_links":{"self":[{"href":"https:\/\/sg-ramsau.de\/wp\/index.php?rest_route=\/wp\/v2\/pages\/97","targetHints":{"allow":["GET"]}}],"collection":[{"href":"https:\/\/sg-ramsau.de\/wp\/index.php?rest_route=\/wp\/v2\/pages"}],"about":[{"href":"https:\/\/sg-ramsau.de\/wp\/index.php?rest_route=\/wp\/v2\/types\/page"}],"author":[{"embeddable":true,"href":"https:\/\/sg-ramsau.de\/wp\/index.php?rest_route=\/wp\/v2\/users\/1"}],"replies":[{"embeddable":true,"href":"https:\/\/sg-ramsau.de\/wp\/index.php?rest_route=%2Fwp%2Fv2%2Fcomments&post=97"}],"version-history":[{"count":15,"href":"https:\/\/sg-ramsau.de\/wp\/index.php?rest_route=\/wp\/v2\/pages\/97\/revisions"}],"predecessor-version":[{"id":4130,"href":"https:\/\/sg-ramsau.de\/wp\/index.php?rest_route=\/wp\/v2\/pages\/97\/revisions\/4130"}],"up":[{"embeddable":true,"href":"https:\/\/sg-ramsau.de\/wp\/index.php?rest_route=\/wp\/v2\/pages\/72"}],"wp:attachment":[{"href":"https:\/\/sg-ramsau.de\/wp\/index.php?rest_route=%2Fwp%2Fv2%2Fmedia&parent=97"}],"curies":[{"name":"wp","href":"https:\/\/api.w.org\/{rel}","templated":true}]}}