{"id":460,"date":"2014-06-04T12:13:57","date_gmt":"2014-06-04T10:13:57","guid":{"rendered":"http:\/\/sg-ramsau.de\/wp\/?page_id=460"},"modified":"2015-04-07T22:33:18","modified_gmt":"2015-04-07T20:33:18","slug":"links","status":"publish","type":"page","link":"https:\/\/sg-ramsau.de\/wp\/?page_id=460","title":{"rendered":"Links"},"content":{"rendered":"<p>Hier einige Verbindungen zu unseren <b>Nachbarvereinen<\/b>, mit denen wir in bestimmten Bereichen zusammenarbeiten:<\/p>\n<p>Fu\u00dfball, Kindergarde: <a href=\"http:\/\/www.sv-reichertsheim.de\" target=\"_blank\">www.sv-reichertsheim.de<\/a><\/p>\n<p>Tennis und Ski: <a href=\"http:\/\/www.sv-oberndorf.de\" target=\"_blank\">www.sv-oberndorf.de<\/a><\/p>\n<p>Fu\u00dfball: <a href=\"http:\/\/www.tsv-gars.de\" target=\"_blank\">www.tsv-gars.de<\/a><\/p>\n<p><b>Ergebnisdienste<\/b>, usw.:<\/p>\n<p>Ergebnisse Junioren- und Senioren-Fu\u00dfball: <a href=\"http:\/\/ergebnisse.bfv.de\/verein.do?id=00ES8GNHTC000007VV0AG08LVUPGND5I\" target=\"_blank\">http:\/\/ergebnisse.bfv.de<\/a><\/p>\n<p>Regionales Fu\u00dfballportal: <a href=\"http:\/\/www.beinschuss.de\" target=\"_blank\">www.beinschuss.de<\/a><\/p>\n","protected":false},"excerpt":{"rendered":"<p>Hier einige Verbindungen zu unseren Nachbarvereinen, mit denen wir in bestimmten Bereichen zusammenarbeiten: Fu\u00dfball, Kindergarde: www.sv-reichertsheim.de Tennis und Ski: www.sv-oberndorf.de Fu\u00dfball: www.tsv-gars.de Ergebnisdienste, usw.: Ergebnisse Junioren- und Senioren-Fu\u00dfball: http:\/\/ergebnisse.bfv.de Regionales [&hellip;]<\/p>\n","protected":false},"author":1,"featured_media":0,"parent":72,"menu_order":0,"comment_status":"closed","ping_status":"open","template":"","meta":{"footnotes":""},"class_list":["post-460","page","type-page","status-publish","hentry"],"publishpress_future_action":{"enabled":false,"date":"2026-04-27 12:46:17","action":"change-status","newStatus":"draft","terms":[],"taxonomy":"","extraData":[]},"publishpress_future_workflow_manual_trigger":{"enabledWorkflows":[]},"_links":{"self":[{"href":"https:\/\/sg-ramsau.de\/wp\/index.php?rest_route=\/wp\/v2\/pages\/460","targetHints":{"allow":["GET"]}}],"collection":[{"href":"https:\/\/sg-ramsau.de\/wp\/index.php?rest_route=\/wp\/v2\/pages"}],"about":[{"href":"https:\/\/sg-ramsau.de\/wp\/index.php?rest_route=\/wp\/v2\/types\/page"}],"author":[{"embeddable":true,"href":"https:\/\/sg-ramsau.de\/wp\/index.php?rest_route=\/wp\/v2\/users\/1"}],"replies":[{"embeddable":true,"href":"https:\/\/sg-ramsau.de\/wp\/index.php?rest_route=%2Fwp%2Fv2%2Fcomments&post=460"}],"version-history":[{"count":5,"href":"https:\/\/sg-ramsau.de\/wp\/index.php?rest_route=\/wp\/v2\/pages\/460\/revisions"}],"predecessor-version":[{"id":1039,"href":"https:\/\/sg-ramsau.de\/wp\/index.php?rest_route=\/wp\/v2\/pages\/460\/revisions\/1039"}],"up":[{"embeddable":true,"href":"https:\/\/sg-ramsau.de\/wp\/index.php?rest_route=\/wp\/v2\/pages\/72"}],"wp:attachment":[{"href":"https:\/\/sg-ramsau.de\/wp\/index.php?rest_route=%2Fwp%2Fv2%2Fmedia&parent=460"}],"curies":[{"name":"wp","href":"https:\/\/api.w.org\/{rel}","templated":true}]}}