{"id":398,"date":"2014-06-04T11:08:34","date_gmt":"2014-06-04T09:08:34","guid":{"rendered":"http:\/\/sg-ramsau.de\/wp\/?page_id=398"},"modified":"2014-06-04T12:00:33","modified_gmt":"2014-06-04T10:00:33","slug":"skifortbildung","status":"publish","type":"page","link":"https:\/\/sg-ramsau.de\/wp\/?page_id=398","title":{"rendered":"Skifortbildung"},"content":{"rendered":"<address style=\"text-align: left;\"><img loading=\"lazy\" decoding=\"async\" class=\"wp-image-391 size-full\" src=\"https:\/\/sg-ramsau.de\/wp\/wp-content\/uploads\/2014\/05\/a_S5000101.jpg\" alt=\"a_S5000101\" width=\"559\" height=\"417\" border=\"0\" srcset=\"https:\/\/sg-ramsau.de\/wp\/wp-content\/uploads\/2014\/05\/a_S5000101.jpg 559w, https:\/\/sg-ramsau.de\/wp\/wp-content\/uploads\/2014\/05\/a_S5000101-300x223.jpg 300w\" sizes=\"auto, (max-width: 559px) 100vw, 559px\" \/><\/address>\n<p><em><span style=\"font-size: 10pt;\"><span style=\"font-family: Verdana,Tahoma,Arial,Helvetica,Sans-serif;\">DJK\u2013Skilehrerfortbildung in Obertauern vom Sa.12.\/So.13.12. 09<\/span><\/span><\/em><\/p>\n<p style=\"text-align: justify;\"><span style=\"font-family: Verdana,Tahoma,Arial,Helvetica,Sans-serif;\">Nicht nur eine gute Vorbereitung sondern auch der Wille sein Wissen und K\u00f6nnen zu verbessern geh\u00f6ren zu jeden optimierten Handeln dazu.<\/span><\/p>\n<p style=\"text-align: justify;\"><span style=\"font-family: Verdana,Tahoma,Arial,Helvetica,Sans-serif;\">So nat\u00fcrlich auch im Sport wie zum Beispiel dem Skifahren. Da unsere ehrenamtlichen Skilehrer aus den DJK \u2013 Vereinen immer bestrebt sind so viel wie m\u00f6glich an unseren anvertrauten Skisch\u00fclern zu vermitteln, absolvierten diese nun jedes Jahr im Dezember mit der Unterst\u00fctzung der DJK M\u00fcnchen eine Fortbildung.<\/span><\/p>\n<p style=\"text-align: justify;\"><span style=\"font-family: Verdana,Tahoma,Arial,Helvetica,Sans-serif;\">Die Fortbildungen kamen bei allen Teilnehmern immer gut an, so dass in den DJK-Skiabt.-Sitzungen auf Wunsch immer mehr Vereine (u.a. DJK- Weildorf, Oberndorf, Ramsau ) mit Unterst\u00fctzung des DJK sich den Fortbildun anschlossen<\/span><\/p>\n<p style=\"text-align: justify;\"><span style=\"font-family: Verdana,Tahoma,Arial,Helvetica,Sans-serif;\">Da der Winter im Dezember nicht immer die besten Schneeverh\u00e4ltnisse bietet, kann das bevorzugte Skigebiet Waidring\/Steinplatte f\u00fcr diese Fortbildungen nicht immer angefahren werden. Dann wird in andere Skigebiete ausgewichen&#8230;<\/span><\/p>\n<p style=\"text-align: justify;\"><span style=\"font-family: Verdana,Tahoma,Arial,Helvetica,Sans-serif;\">\u201eOBERTAUERN hie\u00df z.B. 2010 die Prophezeiung!\u201c. So laufen die Fortbildungen ab:<\/span><\/p>\n<p style=\"text-align: justify;\"><span style=\"font-family: Verdana,Tahoma,Arial,Helvetica,Sans-serif;\">Als absolutes schneesicheres Skigebiet erwies sich dann tats\u00e4chlich dieses sch\u00f6ne Kessletal.<\/span><\/p>\n<p style=\"text-align: justify;\"><span style=\"font-family: Verdana,Tahoma,Arial,Helvetica,Sans-serif;\">Nach einigen organisatorischen Vorarbeiten in denen sich Vereinskollegen \u00fcbergreifend bet\u00e4tigten und sehr kameradschaftlich ihren m\u00f6glichen Beitrag beisteuerten, konnten wir von den DJK \u2013 Vereinen Weildorf , Oberndorf sowie Ramsau an diesen Wochenende unsere Schulung abhalten.<\/span><\/p>\n<p style=\"text-align: justify;\"><span style=\"font-family: Verdana,Tahoma,Arial,Helvetica,Sans-serif;\">Als erfahrene Instruktorin stand uns auch heuer wieder unsere allseits beliebte und gesch\u00e4tzte Gudrun Schmied vom Skiverband Inngau zur Seite. Leider konnte unsere Ausbilderin der letzten beiden male, Annemarie Wetsermaier von DJK-G\u00f6tting aus terminlichen \u00dcberschneidungen dieses mal Ihr K\u00f6nnen nicht an uns weitergeben. Daf\u00fcr vermittelte uns die ebenso routinierte Claudia Reisinger, ebenso von Inngau mit souver\u00e4ner Art und K\u00f6nnen neue Methoden und Tricks.<\/span><\/p>\n<p style=\"text-align: justify;\"><span style=\"font-family: Verdana,Tahoma,Arial,Helvetica,Sans-serif;\">Am Samstag um ca. 9.45 Uhr fanden sich nach etwas Versp\u00e4tung der Ramsauer Gruppe insgesamt 17 interessierte Teilnehmer in der Talstation Kehrkopfbahn in Obertauern ein um auf den neuesten Stand und den Techniken des Skifahrens unterwiesen und geschult zu werden. Die Sicht war durch leichten Schneefall und etwas Nebel leicht<\/span><\/p>\n<p style=\"text-align: justify;\"><span style=\"font-family: Verdana,Tahoma,Arial,Helvetica,Sans-serif;\">beeintr\u00e4chtigt, was aber bei den Erwartungen schnell zur Nebensache wurde.<\/span><\/p>\n<p style=\"text-align: justify;\"><span style=\"font-family: Verdana,Tahoma,Arial,Helvetica,Sans-serif;\">Es wurden zwei Gruppen gebildet was einen optimalen Ablauf und das Erreichen<\/span><\/p>\n<p style=\"text-align: justify;\"><span style=\"font-family: Verdana,Tahoma,Arial,Helvetica,Sans-serif;\">der Unterweisungsziele garantierte. Die Gruppen wurden Vereinsundabh\u00e4ngig zusammengestellt, was f\u00fcr einen guten Austausch und sportliche Kameradschaft sorgte.<\/span><\/p>\n<p style=\"text-align: justify;\"><span style=\"font-family: Verdana,Tahoma,Arial,Helvetica,Sans-serif;\">F\u00fcr mich war es interessant zu h\u00f6ren wie z.B. in Weildorf die sportlichen wie auch traditionellen Events (Goasseln) gepflegt und ausge\u00fcbt werden. <\/span><\/p>\n<p style=\"text-align: justify;\"><span style=\"font-family: Verdana,Tahoma,Arial,Helvetica,Sans-serif;\">An den ersten Abfahrten der Fortbildung war das Einfahren das wichtigste, da die meisten Teilnehmer noch nicht, oder erst das zweite mal auf den Brettern standen. Unser diesj\u00e4hriges Motto lautete<\/span><\/p>\n<p style=\"text-align: justify;\"><span style=\"font-family: Verdana,Tahoma,Arial,Helvetica,Sans-serif;\"> \u201edifferenziertes Lernen\u201c .<\/span><\/p>\n<p style=\"text-align: justify;\"><span style=\"font-family: Verdana,Tahoma,Arial,Helvetica,Sans-serif;\">Verschiedene Aufgaben\/\u00dcbungen mussten bew\u00e4ltigt werden, so z.B. das Kontrastfahren (5 Kurven sehr offen, 5 Kurven geschlossen fahren usw. Das man als nicht allzu schlechter Skifahrer, wie wir uns als Vereinsskilehrer bezeichnen d\u00fcrfen noch mal intensiv mit dem Pflugfahren besch\u00e4ftigen mussten ahnten wir im Vorfeld schon. Denn wie uns von unseren Unterweiserrinnen versichert wurde, ist die Technik vom Pflug zum Parallelfahren von geraden sowie Kurvenfahrten, bis zum sportlichen Fahren gleich. Mit am Wichtigsten ist wohl der Belastungswechsel der einzelnen Ski zu sehen, injizierend vom Sprunggelenk aus. Bis dieser in Fleisch und Blut \u00fcbergeht, muss man so manches Geld f\u00fcr die Liftkarte berappen.<\/span><\/p>\n<p style=\"text-align: justify;\"><span style=\"font-family: Verdana,Tahoma,Arial,Helvetica,Sans-serif;\">Dies alles sollte aber unter den Aspekt eines runden, harmonischen und dynamischen Fahrens bei verschiedenen Pistenbedingungen angestrebt werden. Dies alles sind Kennzeichen eines guten Skifahrers.<\/span><\/p>\n<p style=\"text-align: justify;\"><span style=\"font-family: Verdana,Tahoma,Arial,Helvetica,Sans-serif;\">Am Sonntag bei herrlichen sonnigen Wetter, aber Temperaturen von bis zu \u2013 7\u00b0C lag der Schwerpunkt im neuen Slopestyle, <\/span><\/p>\n<p style=\"text-align: justify;\"><span style=\"font-family: Verdana,Tahoma,Arial,Helvetica,Sans-serif;\">als wir dieses Wort h\u00f6rten schauten wir erfahrenen Vereinsskilehrer uns alle fragen an !<\/span><\/p>\n<p style=\"text-align: justify;\"><span style=\"font-family: Verdana,Tahoma,Arial,Helvetica,Sans-serif;\">Danach wurden wir von Gudrun und Claudia aufgekl\u00e4rt. <\/span><\/p>\n<p style=\"text-align: justify;\"><span style=\"font-family: Verdana,Tahoma,Arial,Helvetica,Sans-serif;\">Slopestyle ist das individuelle an einander reihen von Tricks, das \u00fcberwiegend von jungen farbenreich gekleideten Skiakrobaten zum besten gegeben wird. Aber nicht nur Wheelies, Kicker u. Corner, Fakie oder anderes wie die spezielle Ausf\u00fchrungen des neuen Style hei\u00dfen, k\u00f6nnen mit den speziellen Twintip Ski gemeistert werden. <\/span><\/p>\n<p style=\"text-align: justify;\"><span style=\"font-family: Verdana,Tahoma,Arial,Helvetica,Sans-serif;\">Dies ist sicherlich erst der Anfang von einer neuen spektakul\u00e4ren Richtung, in die das Skifahren sich entwickeln kann.<\/span><\/p>\n<p style=\"text-align: justify;\"><span style=\"font-family: Verdana,Tahoma,Arial,Helvetica,Sans-serif;\">Als H\u00f6hepunkt wagten sich dann noch alle Teilnehmer, in ein steiles Tiefschneegel\u00e4nde. So konnten wir diese Herausforderung \u00fcben und uns \u00fcberwinden, einen fast unbefahrbaren Abhang zu meistern. <\/span><\/p>\n<p style=\"text-align: justify;\"><span style=\"font-family: Verdana,Tahoma,Arial,Helvetica,Sans-serif;\">An den beiden Tagen trafen sich die beiden Gruppen wieder gemeinsam zur Mittagspause<\/span><\/p>\n<p style=\"text-align: justify;\"><span style=\"font-family: Verdana,Tahoma,Arial,Helvetica,Sans-serif;\">in den gem\u00fctlichen Skih\u00fctten, wo k\u00f6stliche St\u00e4rkungen auf uns warteten und wir uns austauschen konnten.<\/span><\/p>\n<p style=\"text-align: justify;\"><span style=\"font-family: Verdana,Tahoma,Arial,Helvetica,Sans-serif;\">Nach tollen Eindr\u00fccken und Erfahrungen verabschiedeten sich alle Teilnehmer mit einem l\u00e4cheln von unseren Trainerinnen Gudrun Schmied und Claudia Reisinger. <\/span><\/p>\n<p style=\"text-align: justify;\"><span style=\"font-family: Verdana,Tahoma,Arial,Helvetica,Sans-serif;\">Nun denke ich sind wir bestens, f\u00fcr die n\u00e4chsten Ausbildungskurse in unseren Vereinen ger\u00fcstet.<\/span><\/p>\n<p style=\"text-align: justify;\"><span style=\"font-family: Verdana,Tahoma,Arial,Helvetica,Sans-serif;\">Speziellen Dank m\u00f6chte ich an dieser Stelle noch an Birgit D\u00f6rrich von DJK-Weildorf und Pit Peckmann \/ Ramsau sowie an Johann Grundner und sei Team von der DJK aussprechen die sehr f\u00fcr einen reibungslosen Ablauf beigetragen haben. <\/span><\/p>\n<p style=\"text-align: justify;\"><span style=\"font-family: Verdana,Tahoma,Arial,Helvetica,Sans-serif;\">W\u00fcnsche Euch allen eine ,,stade\u201c Zeit, guten Rutsch ins neue Jahr 2010 und eine erfolgreiche<\/span><\/p>\n<p style=\"text-align: justify;\"><span style=\"font-family: Verdana,Tahoma,Arial,Helvetica,Sans-serif;\">verletzungsfreie Skisaison! gez. Thomas Eglseder <\/span><\/p>\n","protected":false},"excerpt":{"rendered":"<p>DJK\u2013Skilehrerfortbildung in Obertauern vom Sa.12.\/So.13.12. 09 Nicht nur eine gute Vorbereitung sondern auch der Wille sein Wissen und K\u00f6nnen zu verbessern geh\u00f6ren zu jeden optimierten Handeln dazu. So nat\u00fcrlich auch [&hellip;]<\/p>\n","protected":false},"author":1,"featured_media":0,"parent":31,"menu_order":0,"comment_status":"closed","ping_status":"open","template":"","meta":{"footnotes":""},"class_list":["post-398","page","type-page","status-publish","hentry"],"publishpress_future_action":{"enabled":false,"date":"2026-04-23 09:36:39","action":"change-status","newStatus":"draft","terms":[],"taxonomy":"","extraData":[]},"publishpress_future_workflow_manual_trigger":{"enabledWorkflows":[]},"_links":{"self":[{"href":"https:\/\/sg-ramsau.de\/wp\/index.php?rest_route=\/wp\/v2\/pages\/398","targetHints":{"allow":["GET"]}}],"collection":[{"href":"https:\/\/sg-ramsau.de\/wp\/index.php?rest_route=\/wp\/v2\/pages"}],"about":[{"href":"https:\/\/sg-ramsau.de\/wp\/index.php?rest_route=\/wp\/v2\/types\/page"}],"author":[{"embeddable":true,"href":"https:\/\/sg-ramsau.de\/wp\/index.php?rest_route=\/wp\/v2\/users\/1"}],"replies":[{"embeddable":true,"href":"https:\/\/sg-ramsau.de\/wp\/index.php?rest_route=%2Fwp%2Fv2%2Fcomments&post=398"}],"version-history":[{"count":17,"href":"https:\/\/sg-ramsau.de\/wp\/index.php?rest_route=\/wp\/v2\/pages\/398\/revisions"}],"predecessor-version":[{"id":451,"href":"https:\/\/sg-ramsau.de\/wp\/index.php?rest_route=\/wp\/v2\/pages\/398\/revisions\/451"}],"up":[{"embeddable":true,"href":"https:\/\/sg-ramsau.de\/wp\/index.php?rest_route=\/wp\/v2\/pages\/31"}],"wp:attachment":[{"href":"https:\/\/sg-ramsau.de\/wp\/index.php?rest_route=%2Fwp%2Fv2%2Fmedia&parent=398"}],"curies":[{"name":"wp","href":"https:\/\/api.w.org\/{rel}","templated":true}]}}