{"id":115,"date":"2014-06-01T15:19:53","date_gmt":"2014-06-01T13:19:53","guid":{"rendered":"http:\/\/sg-ramsau.de\/wp\/?page_id=115"},"modified":"2014-06-04T12:06:21","modified_gmt":"2014-06-04T10:06:21","slug":"ueber-den-verein","status":"publish","type":"page","link":"https:\/\/sg-ramsau.de\/wp\/?page_id=115","title":{"rendered":"\u00dcber den Verein"},"content":{"rendered":"<p style=\"text-align: justify;\">Hier findet ihr alle n\u00fctzlichen Informationen \u00fcber unseren Verein, so k\u00f6nnen wir leichter\u00a0Kontakt aufnehmen. Die DJK-SG Ramsau gibt es seit 1974. Wir sind ein Breitensportverein, bei dem Sport, Spiel, Spa\u00df und Fitness im Einklang stehen sollen, auch im Grundgedanken des DJK-Verbandes. In unseren Abteilungen Fu\u00dfball, Fitness-Gymnastik, Stocksch\u00fctzen, Tennis und Ski ist eine Menge geboten. Auf unseren Seiten findest du alles \u00fcber unsere Abteilungen, deren Leiter, unsere einfallsreichen Trainer, Trainingszeiten, Treffpunkte, aktuelle Termine, Erfolgsnachrichten, usw. Zu Anregungen und Fragen zu unseren Angeboten stehen wir immer gern zur Verf\u00fcgung. Zur Kontaktaufnahme mail oder telefonier mit uns. Die Adressen findest du in den jeweiligen Abteilungen oder auf der Seite des Vorstandes. Wir freuen uns auf eine Begegnung auf der Sportanlage, in der Halle, oder auf unseren Webseiten!<\/p>\n","protected":false},"excerpt":{"rendered":"<p>Hier findet ihr alle n\u00fctzlichen Informationen \u00fcber unseren Verein, so k\u00f6nnen wir leichter\u00a0Kontakt aufnehmen. Die DJK-SG Ramsau gibt es seit 1974. Wir sind ein Breitensportverein, bei dem Sport, Spiel, Spa\u00df [&hellip;]<\/p>\n","protected":false},"author":1,"featured_media":0,"parent":72,"menu_order":0,"comment_status":"closed","ping_status":"open","template":"","meta":{"footnotes":""},"class_list":["post-115","page","type-page","status-publish","hentry"],"publishpress_future_action":{"enabled":false,"date":"2026-04-27 12:46:16","action":"change-status","newStatus":"draft","terms":[],"taxonomy":"","extraData":[]},"publishpress_future_workflow_manual_trigger":{"enabledWorkflows":[]},"_links":{"self":[{"href":"https:\/\/sg-ramsau.de\/wp\/index.php?rest_route=\/wp\/v2\/pages\/115","targetHints":{"allow":["GET"]}}],"collection":[{"href":"https:\/\/sg-ramsau.de\/wp\/index.php?rest_route=\/wp\/v2\/pages"}],"about":[{"href":"https:\/\/sg-ramsau.de\/wp\/index.php?rest_route=\/wp\/v2\/types\/page"}],"author":[{"embeddable":true,"href":"https:\/\/sg-ramsau.de\/wp\/index.php?rest_route=\/wp\/v2\/users\/1"}],"replies":[{"embeddable":true,"href":"https:\/\/sg-ramsau.de\/wp\/index.php?rest_route=%2Fwp%2Fv2%2Fcomments&post=115"}],"version-history":[{"count":2,"href":"https:\/\/sg-ramsau.de\/wp\/index.php?rest_route=\/wp\/v2\/pages\/115\/revisions"}],"predecessor-version":[{"id":455,"href":"https:\/\/sg-ramsau.de\/wp\/index.php?rest_route=\/wp\/v2\/pages\/115\/revisions\/455"}],"up":[{"embeddable":true,"href":"https:\/\/sg-ramsau.de\/wp\/index.php?rest_route=\/wp\/v2\/pages\/72"}],"wp:attachment":[{"href":"https:\/\/sg-ramsau.de\/wp\/index.php?rest_route=%2Fwp%2Fv2%2Fmedia&parent=115"}],"curies":[{"name":"wp","href":"https:\/\/api.w.org\/{rel}","templated":true}]}}